{"id":736,"date":"2021-08-19T13:25:29","date_gmt":"2021-08-19T13:25:29","guid":{"rendered":"https:\/\/ifi.co.hu\/quality-usp-ep\/"},"modified":"2021-09-07T07:12:24","modified_gmt":"2021-09-07T07:12:24","slug":"gyogyszerkonyvi-minoseg","status":"publish","type":"page","link":"https:\/\/ifi.co.hu\/hu\/gyogyszerkonyvi-minoseg\/","title":{"rendered":"Gy\u00f3gyszerk\u00f6nyvi min\u0151s\u00e9g"},"content":{"rendered":"\t\t<div data-elementor-type=\"wp-page\" data-elementor-id=\"736\" class=\"elementor elementor-736 elementor-329\" data-elementor-settings=\"[]\">\n\t\t\t\t\t\t\t<div class=\"elementor-section-wrap\">\n\t\t\t\t\t\t\t<section class=\"elementor-section elementor-top-section elementor-element elementor-element-3309c747 elementor-section-full_width elementor-section-height-min-height elementor-section-height-default elementor-section-items-middle\" data-id=\"3309c747\" data-element_type=\"section\" data-settings=\"{&quot;background_background&quot;:&quot;classic&quot;}\">\n\t\t\t\t\t\t\t<div class=\"elementor-background-overlay\"><\/div>\n\t\t\t\t\t\t\t<div class=\"elementor-container elementor-column-gap-no\">\n\t\t\t\t\t<div class=\"elementor-column elementor-col-100 elementor-top-column elementor-element elementor-element-6fa3259\" data-id=\"6fa3259\" data-element_type=\"column\">\n\t\t\t<div class=\"elementor-widget-wrap elementor-element-populated\">\n\t\t\t\t\t\t\t\t<section class=\"elementor-section elementor-inner-section elementor-element elementor-element-72c5f563 elementor-section-content-middle elementor-section-boxed elementor-section-height-default elementor-section-height-default\" data-id=\"72c5f563\" data-element_type=\"section\">\n\t\t\t\t\t\t<div class=\"elementor-container elementor-column-gap-no\">\n\t\t\t\t\t<div class=\"elementor-column elementor-col-100 elementor-inner-column elementor-element elementor-element-2ffab93f\" data-id=\"2ffab93f\" data-element_type=\"column\">\n\t\t\t<div class=\"elementor-widget-wrap elementor-element-populated\">\n\t\t\t\t\t\t\t\t<div class=\"elementor-element elementor-element-6ebb1295 elementor-widget elementor-widget-heading\" data-id=\"6ebb1295\" data-element_type=\"widget\" data-widget_type=\"heading.default\">\n\t\t\t\t<div class=\"elementor-widget-container\">\n\t\t\t<h2 class=\"elementor-heading-title elementor-size-default\">Gy\u00f3gyszerk\u00f6nyvi min\u0151s\u00e9g<\/h2>\t\t<\/div>\n\t\t\t\t<\/div>\n\t\t\t\t\t<\/div>\n\t\t<\/div>\n\t\t\t\t\t\t\t<\/div>\n\t\t<\/section>\n\t\t\t\t\t<\/div>\n\t\t<\/div>\n\t\t\t\t\t\t\t<\/div>\n\t\t<\/section>\n\t\t\t\t<section class=\"elementor-section elementor-top-section elementor-element elementor-element-7f7ff4 elementor-section-boxed elementor-section-height-default elementor-section-height-default\" data-id=\"7f7ff4\" data-element_type=\"section\">\n\t\t\t\t\t\t<div class=\"elementor-container elementor-column-gap-default\">\n\t\t\t\t\t<div class=\"elementor-column elementor-col-100 elementor-top-column elementor-element elementor-element-4830ad36\" data-id=\"4830ad36\" data-element_type=\"column\">\n\t\t\t<div class=\"elementor-widget-wrap elementor-element-populated\">\n\t\t\t\t\t\t\t\t<section class=\"elementor-section elementor-inner-section elementor-element elementor-element-eadad1e elementor-section-boxed elementor-section-height-default elementor-section-height-default\" data-id=\"eadad1e\" data-element_type=\"section\">\n\t\t\t\t\t\t<div class=\"elementor-container elementor-column-gap-default\">\n\t\t\t\t\t<div class=\"elementor-column elementor-col-50 elementor-inner-column elementor-element elementor-element-5c6ab3a0\" data-id=\"5c6ab3a0\" data-element_type=\"column\">\n\t\t\t<div class=\"elementor-widget-wrap elementor-element-populated\">\n\t\t\t\t\t\t\t\t<div class=\"elementor-element elementor-element-66f6dc51 elementor-widget elementor-widget-heading\" data-id=\"66f6dc51\" data-element_type=\"widget\" data-widget_type=\"heading.default\">\n\t\t\t\t<div class=\"elementor-widget-container\">\n\t\t\t<h2 class=\"elementor-heading-title elementor-size-default\">Vitaminok A, B, C, D, E <\/h2>\t\t<\/div>\n\t\t\t\t<\/div>\n\t\t\t\t<div class=\"elementor-element elementor-element-1c0067b5 elementor-widget elementor-widget-heading\" data-id=\"1c0067b5\" data-element_type=\"widget\" data-widget_type=\"heading.default\">\n\t\t\t\t<div class=\"elementor-widget-container\">\n\t\t\t<h2 class=\"elementor-heading-title elementor-size-default\">Speci\u00e1lis emulge\u00e1l\u00f3k<\/h2>\t\t<\/div>\n\t\t\t\t<\/div>\n\t\t\t\t<div class=\"elementor-element elementor-element-db9a376 elementor-widget elementor-widget-heading\" data-id=\"db9a376\" data-element_type=\"widget\" data-widget_type=\"heading.default\">\n\t\t\t\t<div class=\"elementor-widget-container\">\n\t\t\t<h2 class=\"elementor-heading-title elementor-size-default\">Speci\u00e1lis kivonatok<\/h2>\t\t<\/div>\n\t\t\t\t<\/div>\n\t\t\t\t\t<\/div>\n\t\t<\/div>\n\t\t\t\t<div class=\"elementor-column elementor-col-50 elementor-inner-column elementor-element elementor-element-1abf6c79\" data-id=\"1abf6c79\" data-element_type=\"column\">\n\t\t\t<div class=\"elementor-widget-wrap\">\n\t\t\t\t\t\t\t\t\t<\/div>\n\t\t<\/div>\n\t\t\t\t\t\t\t<\/div>\n\t\t<\/section>\n\t\t\t\t\t<\/div>\n\t\t<\/div>\n\t\t\t\t\t\t\t<\/div>\n\t\t<\/section>\n\t\t\t\t\t\t<\/div>\n\t\t\t\t\t<\/div>\n\t\t","protected":false},"excerpt":{"rendered":"<p>Gy\u00f3gyszerk\u00f6nyvi min\u0151s\u00e9g Vitaminok A, B, C, D, E Speci\u00e1lis emulge\u00e1l\u00f3k Speci\u00e1lis kivonatok<\/p>\n","protected":false},"author":1,"featured_media":0,"parent":0,"menu_order":0,"comment_status":"closed","ping_status":"closed","template":"","meta":{"footnotes":""},"class_list":["post-736","page","type-page","status-publish","hentry"],"yoast_head":"<!-- This site is optimized with the Yoast SEO plugin v27.5 - https:\/\/yoast.com\/product\/yoast-seo-wordpress\/ -->\n<title>Gy\u00f3gyszerk\u00f6nyvi min\u0151s\u00e9g - Inno Feed International<\/title>\n<meta name=\"robots\" content=\"index, follow, max-snippet:-1, max-image-preview:large, max-video-preview:-1\" \/>\n<link rel=\"canonical\" href=\"https:\/\/ifi.co.hu\/hu\/gyogyszerkonyvi-minoseg\/\" \/>\n<meta property=\"og:locale\" content=\"hu_HU\" \/>\n<meta property=\"og:type\" content=\"article\" \/>\n<meta property=\"og:title\" content=\"Gy\u00f3gyszerk\u00f6nyvi min\u0151s\u00e9g - Inno Feed International\" \/>\n<meta property=\"og:description\" content=\"Gy\u00f3gyszerk\u00f6nyvi min\u0151s\u00e9g Vitaminok A, B, C, D, E Speci\u00e1lis emulge\u00e1l\u00f3k Speci\u00e1lis kivonatok\" \/>\n<meta property=\"og:url\" content=\"https:\/\/ifi.co.hu\/hu\/gyogyszerkonyvi-minoseg\/\" \/>\n<meta property=\"og:site_name\" content=\"Inno Feed International\" \/>\n<meta property=\"article:modified_time\" content=\"2021-09-07T07:12:24+00:00\" \/>\n<meta name=\"twitter:card\" content=\"summary_large_image\" \/>\n<script type=\"application\/ld+json\" class=\"yoast-schema-graph\">{\"@context\":\"https:\\\/\\\/schema.org\",\"@graph\":[{\"@type\":\"WebPage\",\"@id\":\"https:\\\/\\\/ifi.co.hu\\\/hu\\\/gyogyszerkonyvi-minoseg\\\/\",\"url\":\"https:\\\/\\\/ifi.co.hu\\\/hu\\\/gyogyszerkonyvi-minoseg\\\/\",\"name\":\"Gy\u00f3gyszerk\u00f6nyvi min\u0151s\u00e9g - Inno Feed International\",\"isPartOf\":{\"@id\":\"https:\\\/\\\/ifi.co.hu\\\/hu\\\/#website\"},\"datePublished\":\"2021-08-19T13:25:29+00:00\",\"dateModified\":\"2021-09-07T07:12:24+00:00\",\"breadcrumb\":{\"@id\":\"https:\\\/\\\/ifi.co.hu\\\/hu\\\/gyogyszerkonyvi-minoseg\\\/#breadcrumb\"},\"inLanguage\":\"hu\",\"potentialAction\":[{\"@type\":\"ReadAction\",\"target\":[\"https:\\\/\\\/ifi.co.hu\\\/hu\\\/gyogyszerkonyvi-minoseg\\\/\"]}]},{\"@type\":\"BreadcrumbList\",\"@id\":\"https:\\\/\\\/ifi.co.hu\\\/hu\\\/gyogyszerkonyvi-minoseg\\\/#breadcrumb\",\"itemListElement\":[{\"@type\":\"ListItem\",\"position\":1,\"name\":\"Home\",\"item\":\"https:\\\/\\\/ifi.co.hu\\\/hu\\\/\"},{\"@type\":\"ListItem\",\"position\":2,\"name\":\"Gy\u00f3gyszerk\u00f6nyvi min\u0151s\u00e9g\"}]},{\"@type\":\"WebSite\",\"@id\":\"https:\\\/\\\/ifi.co.hu\\\/hu\\\/#website\",\"url\":\"https:\\\/\\\/ifi.co.hu\\\/hu\\\/\",\"name\":\"Inno Feed International\",\"description\":\"Min\u0151s\u00e9g \u00e9s Innov\u00e1ci\u00f3\",\"publisher\":{\"@id\":\"https:\\\/\\\/ifi.co.hu\\\/hu\\\/#organization\"},\"potentialAction\":[{\"@type\":\"SearchAction\",\"target\":{\"@type\":\"EntryPoint\",\"urlTemplate\":\"https:\\\/\\\/ifi.co.hu\\\/hu\\\/?s={search_term_string}\"},\"query-input\":{\"@type\":\"PropertyValueSpecification\",\"valueRequired\":true,\"valueName\":\"search_term_string\"}}],\"inLanguage\":\"hu\"},{\"@type\":\"Organization\",\"@id\":\"https:\\\/\\\/ifi.co.hu\\\/hu\\\/#organization\",\"name\":\"Inno-Feed International Kft\",\"url\":\"https:\\\/\\\/ifi.co.hu\\\/hu\\\/\",\"logo\":{\"@type\":\"ImageObject\",\"inLanguage\":\"hu\",\"@id\":\"https:\\\/\\\/ifi.co.hu\\\/hu\\\/#\\\/schema\\\/logo\\\/image\\\/\",\"url\":\"https:\\\/\\\/ifi.co.hu\\\/wp-content\\\/uploads\\\/2021\\\/08\\\/ifi-white-logo-transparent.png\",\"contentUrl\":\"https:\\\/\\\/ifi.co.hu\\\/wp-content\\\/uploads\\\/2021\\\/08\\\/ifi-white-logo-transparent.png\",\"width\":338,\"height\":524,\"caption\":\"Inno-Feed International Kft\"},\"image\":{\"@id\":\"https:\\\/\\\/ifi.co.hu\\\/hu\\\/#\\\/schema\\\/logo\\\/image\\\/\"}}]}<\/script>\n<!-- \/ Yoast SEO plugin. -->","yoast_head_json":{"title":"Gy\u00f3gyszerk\u00f6nyvi min\u0151s\u00e9g - Inno Feed International","robots":{"index":"index","follow":"follow","max-snippet":"max-snippet:-1","max-image-preview":"max-image-preview:large","max-video-preview":"max-video-preview:-1"},"canonical":"https:\/\/ifi.co.hu\/hu\/gyogyszerkonyvi-minoseg\/","og_locale":"hu_HU","og_type":"article","og_title":"Gy\u00f3gyszerk\u00f6nyvi min\u0151s\u00e9g - Inno Feed International","og_description":"Gy\u00f3gyszerk\u00f6nyvi min\u0151s\u00e9g Vitaminok A, B, C, D, E Speci\u00e1lis emulge\u00e1l\u00f3k Speci\u00e1lis kivonatok","og_url":"https:\/\/ifi.co.hu\/hu\/gyogyszerkonyvi-minoseg\/","og_site_name":"Inno Feed International","article_modified_time":"2021-09-07T07:12:24+00:00","twitter_card":"summary_large_image","schema":{"@context":"https:\/\/schema.org","@graph":[{"@type":"WebPage","@id":"https:\/\/ifi.co.hu\/hu\/gyogyszerkonyvi-minoseg\/","url":"https:\/\/ifi.co.hu\/hu\/gyogyszerkonyvi-minoseg\/","name":"Gy\u00f3gyszerk\u00f6nyvi min\u0151s\u00e9g - Inno Feed International","isPartOf":{"@id":"https:\/\/ifi.co.hu\/hu\/#website"},"datePublished":"2021-08-19T13:25:29+00:00","dateModified":"2021-09-07T07:12:24+00:00","breadcrumb":{"@id":"https:\/\/ifi.co.hu\/hu\/gyogyszerkonyvi-minoseg\/#breadcrumb"},"inLanguage":"hu","potentialAction":[{"@type":"ReadAction","target":["https:\/\/ifi.co.hu\/hu\/gyogyszerkonyvi-minoseg\/"]}]},{"@type":"BreadcrumbList","@id":"https:\/\/ifi.co.hu\/hu\/gyogyszerkonyvi-minoseg\/#breadcrumb","itemListElement":[{"@type":"ListItem","position":1,"name":"Home","item":"https:\/\/ifi.co.hu\/hu\/"},{"@type":"ListItem","position":2,"name":"Gy\u00f3gyszerk\u00f6nyvi min\u0151s\u00e9g"}]},{"@type":"WebSite","@id":"https:\/\/ifi.co.hu\/hu\/#website","url":"https:\/\/ifi.co.hu\/hu\/","name":"Inno Feed International","description":"Min\u0151s\u00e9g \u00e9s Innov\u00e1ci\u00f3","publisher":{"@id":"https:\/\/ifi.co.hu\/hu\/#organization"},"potentialAction":[{"@type":"SearchAction","target":{"@type":"EntryPoint","urlTemplate":"https:\/\/ifi.co.hu\/hu\/?s={search_term_string}"},"query-input":{"@type":"PropertyValueSpecification","valueRequired":true,"valueName":"search_term_string"}}],"inLanguage":"hu"},{"@type":"Organization","@id":"https:\/\/ifi.co.hu\/hu\/#organization","name":"Inno-Feed International Kft","url":"https:\/\/ifi.co.hu\/hu\/","logo":{"@type":"ImageObject","inLanguage":"hu","@id":"https:\/\/ifi.co.hu\/hu\/#\/schema\/logo\/image\/","url":"https:\/\/ifi.co.hu\/wp-content\/uploads\/2021\/08\/ifi-white-logo-transparent.png","contentUrl":"https:\/\/ifi.co.hu\/wp-content\/uploads\/2021\/08\/ifi-white-logo-transparent.png","width":338,"height":524,"caption":"Inno-Feed International Kft"},"image":{"@id":"https:\/\/ifi.co.hu\/hu\/#\/schema\/logo\/image\/"}}]}},"_links":{"self":[{"href":"https:\/\/ifi.co.hu\/hu\/wp-json\/wp\/v2\/pages\/736","targetHints":{"allow":["GET"]}}],"collection":[{"href":"https:\/\/ifi.co.hu\/hu\/wp-json\/wp\/v2\/pages"}],"about":[{"href":"https:\/\/ifi.co.hu\/hu\/wp-json\/wp\/v2\/types\/page"}],"author":[{"embeddable":true,"href":"https:\/\/ifi.co.hu\/hu\/wp-json\/wp\/v2\/users\/1"}],"replies":[{"embeddable":true,"href":"https:\/\/ifi.co.hu\/hu\/wp-json\/wp\/v2\/comments?post=736"}],"version-history":[{"count":25,"href":"https:\/\/ifi.co.hu\/hu\/wp-json\/wp\/v2\/pages\/736\/revisions"}],"predecessor-version":[{"id":988,"href":"https:\/\/ifi.co.hu\/hu\/wp-json\/wp\/v2\/pages\/736\/revisions\/988"}],"wp:attachment":[{"href":"https:\/\/ifi.co.hu\/hu\/wp-json\/wp\/v2\/media?parent=736"}],"curies":[{"name":"wp","href":"https:\/\/api.w.org\/{rel}","templated":true}]}}