{"id":1011,"date":"2021-08-17T11:15:08","date_gmt":"2021-08-17T11:15:08","guid":{"rendered":"https:\/\/ifi.co.hu\/adatvedelem\/"},"modified":"2021-09-22T11:30:27","modified_gmt":"2021-09-22T11:30:27","slug":"politica-de-confidentialitate","status":"publish","type":"page","link":"https:\/\/ifi.co.hu\/ro\/politica-de-confidentialitate\/","title":{"rendered":"Politica de confiden\u021bialitate"},"content":{"rendered":"\t\t<div data-elementor-type=\"wp-page\" data-elementor-id=\"1011\" class=\"elementor elementor-1011 elementor-3\" data-elementor-settings=\"[]\">\n\t\t\t\t\t\t\t<div class=\"elementor-section-wrap\">\n\t\t\t\t\t\t\t<section class=\"elementor-section elementor-top-section elementor-element elementor-element-c9b9d60 elementor-section-height-min-height elementor-section-boxed elementor-section-height-default elementor-section-items-middle\" data-id=\"c9b9d60\" data-element_type=\"section\" data-settings=\"{&quot;background_background&quot;:&quot;classic&quot;}\">\n\t\t\t\t\t\t<div class=\"elementor-container elementor-column-gap-default\">\n\t\t\t\t\t<div class=\"elementor-column elementor-col-100 elementor-top-column elementor-element elementor-element-057c56c\" data-id=\"057c56c\" data-element_type=\"column\">\n\t\t\t<div class=\"elementor-widget-wrap elementor-element-populated\">\n\t\t\t\t\t\t\t\t<section class=\"elementor-section elementor-inner-section elementor-element elementor-element-7952836 elementor-section-boxed elementor-section-height-default elementor-section-height-default\" data-id=\"7952836\" data-element_type=\"section\">\n\t\t\t\t\t\t<div class=\"elementor-container elementor-column-gap-default\">\n\t\t\t\t\t<div class=\"elementor-column elementor-col-100 elementor-inner-column elementor-element elementor-element-2ddcdaa\" data-id=\"2ddcdaa\" data-element_type=\"column\">\n\t\t\t<div class=\"elementor-widget-wrap elementor-element-populated\">\n\t\t\t\t\t\t\t\t<div class=\"elementor-element elementor-element-16e0fc6 elementor-widget elementor-widget-heading\" data-id=\"16e0fc6\" data-element_type=\"widget\" data-widget_type=\"heading.default\">\n\t\t\t\t<div class=\"elementor-widget-container\">\n\t\t\t<h2 class=\"elementor-heading-title elementor-size-default\">Adatkezel\u00e9si t\u00e1j\u00e9koztat\u00f3<\/h2>\t\t<\/div>\n\t\t\t\t<\/div>\n\t\t\t\t\t<\/div>\n\t\t<\/div>\n\t\t\t\t\t\t\t<\/div>\n\t\t<\/section>\n\t\t\t\t\t<\/div>\n\t\t<\/div>\n\t\t\t\t\t\t\t<\/div>\n\t\t<\/section>\n\t\t\t\t<section class=\"elementor-section elementor-top-section elementor-element elementor-element-66e65464 elementor-section-boxed elementor-section-height-default elementor-section-height-default\" data-id=\"66e65464\" data-element_type=\"section\">\n\t\t\t\t\t\t<div class=\"elementor-container elementor-column-gap-default\">\n\t\t\t\t\t<div class=\"elementor-column elementor-col-100 elementor-top-column elementor-element elementor-element-33b4aa99\" data-id=\"33b4aa99\" data-element_type=\"column\">\n\t\t\t<div class=\"elementor-widget-wrap elementor-element-populated\">\n\t\t\t\t\t\t\t\t<div class=\"elementor-element elementor-element-5f3d9f7d elementor-widget elementor-widget-text-editor\" data-id=\"5f3d9f7d\" data-element_type=\"widget\" data-widget_type=\"text-editor.default\">\n\t\t\t\t<div class=\"elementor-widget-container\">\n\t\t\t\t\t\t\tIn which we inform you (our website Visitor or our Customer) about our personal data protection policy. By providing personal data or using our service Person agrees that has read and understood this Privacy Policy.\n\n<h2>INTRODUCTION <\/h2>\n\n<ol>\n  <li><strong>Data management principles:<\/strong><\/li>\n\n  <p>Our Company follows the following principles in our data management:<\/p>\n  <ul>\n    <li> Personal data will be legally and fairly treated, and will be treated transparently.<\/li>\n    <li>Personal data is collected only for specific, unambiguous and legitimate purposes.<\/li>\n    <li> Personal data collected and processed by us are relevant and relevant to the purposes of data management and\n      are limited to what is needed.<\/li>\n    <li> Our Company ensures that all the data managed are accurate and, if necessary are updated. Inaccurate personal\n      data is deleted or corrected immediately.<\/li>\n    <li> We keep personal data in accordance with data management purposes.<\/li>\n    <li> We secure safety of personal data with appropriate technical and organizational steps in order to protect them\n      against unauthorized or unlawful handling, destruction, damage or accidental loss.<\/li>\n    <li> Personal data collected, recorded, systematized, stored and used only with Person&#8217;s prior and voluntary\n      consent.<\/li>\n    <li> In some cases personal data is handled legally and is mandatory, and in such cases we will remind you of this\n      fact.<\/li>\n    <li> In some cases, our Company or a third party has a legitimate interest in the handling, such as development and\n      security of our website.\n    <\/li>\n  <\/ul>\n\n  <li><strong>Concerning laws:<\/strong><\/li>\n\n  <ul>\n    <li> Regulation (EU) 2016\/679 of the European Parliament and of the Council on the management of personal data by\n      the natural Persons (Persons)(GDPR)<\/li>\n    <li> Act CXII of 2011 on the Right of Informational Self-Determination and on Freedom of Information.<\/li>\n    <li> Act V of 2013 on the Civil Code1<\/li>\n    <li> Act CVIII of 2001 on certain issues of electronic commerce services and information society services<\/li>\n    <li> Act C on Electronic Communications (2003)<\/li>\n    <li> Act CLV of 1997 on Consumer Protection, <\/li>\n    <li> Act CLXV of 2013 on Complaints and Public Interest Disclosures <\/li>\n    <li> Act XLVIII of 2008 on Essential Conditions of and Certain Limitations to Business Advertising Activity\n    <\/li>\n  <\/ul>\n\n  <li><strong>Privacy policy modification:<\/strong><\/li>\n  <p>Inno-Feed InternationalKft. reserve s the right to update this Privacy policy at any time.<\/p>\n  <p>Privacy policy is always available on the website www.ifi.co.hu\/en\/privacy-statement.<\/p>\n\n  <li><strong>We are Data Controller:<\/strong><\/li>\n\n  <p>Name: Inno-Feed International Kft..<br>\n    Address: H-1104 Budapest, K\u00e9knyel\u0171 street 10. 4th. Floor, 14., Hungary <br>\n    Website: www.ifi.co.hu <br>\n    Tel.: +36 30 737 50 90 <br>\n    E-mail: info@ifi.co.hu <br>\n    VAT: HU27198858 <br>\n    Company registration number: 01-09-388191 <br>\n  <\/p>\n\n  <p>According to 37.point of the GDPR, our Company is not obliged to appoint a Data Protection Officer.<\/p>\n  <p>Change of any data Processors is updated in this Privacy policy.<\/p>\n<\/ol>\n\n<h2>DATA MANAGEMENT RULES OF OUR COMPANY WEBSITE <\/h2>\n\n<ol>\n  <li>Data management rules for Visitors of our Company\u2019s website<\/li>\n  <p>The Company collect personal information on its website, while you send us message by our site contact form, we may\n    ask You to provide Us with certain personally identifiable information that can be used to contact or identify You.\n    Personally, identifiable information may include: email address, first name and last name, phone number.<\/p>\n\n  <li>More privacy policies for the website:<\/li>\n  <p>Personal data is provided by the Person voluntarily during the registration or contacting with us, and therefore\n    the Person is responsible for the accuracy, correctness accuracy of the data. Incorrect, inaccurate or incomplete\n    data may be an obstacle to using our services.<\/p>\n  <p>If the Person does not provide personal data of his own but of another Person, we assume that the Person has the\n    necessary authority to do so.<\/p>\n  <p>Registration for the withdrawal of consent &#8211; for technical reasons &#8211; we undertake a deadline of 30 days, but please\n    note that we may be able to process some of the personal data to enforce our legal obligation or validate our\n    legitimate interests after the withdrawal of the consent.<\/p>\n  <p>In case of deceiving use of personal data, or when a Visitor commits a criminal offense or attacks against our\n    system, with the deletion of the registration of that Visitor, his or her personal data will be deleted immediately\n    and, if necessary, preserved during the course of the civil liability or the conduct of criminal proceedings.<\/p>\n  <p>We only ask our Visitors personal data if they wish to write.<\/p>\n<\/ol>\n\n<h2>PERSONAL DATA MANAGEMENT OF NATURAL PERSON BEING REPRESENTATIVE OF A NON-NATURAL PERSON<\/h2>\n\n<ol>\n  <li><strong>Contact<\/strong><\/li>\n  <p>By contacting our Company via e-mail, the Person contributes to the handling of his \/ her personal data.<\/p>\n\n  <li><strong>Data management rules for business:<\/strong><\/li>\n\n  <p>Managed personal data: last name, first name, e-mail address, phone number, other personal message of the Person.\n  <\/p>\n  <p>The purpose of personal data management is to manage business relations.<\/p>\n  <p>Legal basis: Contribution of the Person concerned and our legitimate interest.<\/p>\n  <p>Personal data addressees and categories of recipients: Employees of our Company providing customer services.\n    Transfers may be made to the Processors involved in the performance of the any business.<\/p>\n  <p>Duration of personal data storage: 5 years after the business relationship.<\/p>\n  <p><strong>Please do not hesitate to contact our Company before contacting the supervisory authority or court with\n      your\n      complaint &#8211; in order to resolve the issue and solve the problem as quickly as possible.<\/strong><\/p>\n<\/ol>\t\t\t\t\t\t<\/div>\n\t\t\t\t<\/div>\n\t\t\t\t\t<\/div>\n\t\t<\/div>\n\t\t\t\t\t\t\t<\/div>\n\t\t<\/section>\n\t\t\t\t\t\t<\/div>\n\t\t\t\t\t<\/div>\n\t\t","protected":false},"excerpt":{"rendered":"<p>Politica de confiden\u021bialitate In which we inform you (our website Visitor or our Customer) about our personal data protection policy. By providing personal data or using our service Person agrees that has read and understood this Privacy Policy. INTRODUCTION Data management principles: Our Company follows the following principles in our data management: Personal data will [&hellip;]<\/p>\n","protected":false},"author":1,"featured_media":0,"parent":0,"menu_order":0,"comment_status":"closed","ping_status":"open","template":"","meta":{"footnotes":""},"class_list":["post-1011","page","type-page","status-publish","hentry"],"yoast_head":"<!-- This site is optimized with the Yoast SEO plugin v27.5 - https:\/\/yoast.com\/product\/yoast-seo-wordpress\/ -->\n<title>Politica de confiden\u021bialitate - Inno Feed International<\/title>\n<meta name=\"robots\" content=\"index, follow, max-snippet:-1, max-image-preview:large, max-video-preview:-1\" \/>\n<link rel=\"canonical\" href=\"https:\/\/ifi.co.hu\/ro\/politica-de-confidentialitate\/\" \/>\n<meta property=\"og:locale\" content=\"ro_RO\" \/>\n<meta property=\"og:type\" content=\"article\" \/>\n<meta property=\"og:title\" content=\"Politica de confiden\u021bialitate - Inno Feed International\" \/>\n<meta property=\"og:description\" content=\"Politica de confiden\u021bialitate In which we inform you (our website Visitor or our Customer) about our personal data protection policy. By providing personal data or using our service Person agrees that has read and understood this Privacy Policy. INTRODUCTION Data management principles: Our Company follows the following principles in our data management: Personal data will [&hellip;]\" \/>\n<meta property=\"og:url\" content=\"https:\/\/ifi.co.hu\/ro\/politica-de-confidentialitate\/\" \/>\n<meta property=\"og:site_name\" content=\"Inno Feed International\" \/>\n<meta property=\"article:modified_time\" content=\"2021-09-22T11:30:27+00:00\" \/>\n<meta name=\"twitter:card\" content=\"summary_large_image\" \/>\n<meta name=\"twitter:label1\" content=\"Timp estimat pentru citire\" \/>\n\t<meta name=\"twitter:data1\" content=\"4 minute\" \/>\n<script type=\"application\/ld+json\" class=\"yoast-schema-graph\">{\"@context\":\"https:\\\/\\\/schema.org\",\"@graph\":[{\"@type\":\"WebPage\",\"@id\":\"https:\\\/\\\/ifi.co.hu\\\/ro\\\/politica-de-confidentialitate\\\/\",\"url\":\"https:\\\/\\\/ifi.co.hu\\\/ro\\\/politica-de-confidentialitate\\\/\",\"name\":\"Politica de confiden\u021bialitate - Inno Feed International\",\"isPartOf\":{\"@id\":\"https:\\\/\\\/ifi.co.hu\\\/hu\\\/#website\"},\"datePublished\":\"2021-08-17T11:15:08+00:00\",\"dateModified\":\"2021-09-22T11:30:27+00:00\",\"breadcrumb\":{\"@id\":\"https:\\\/\\\/ifi.co.hu\\\/ro\\\/politica-de-confidentialitate\\\/#breadcrumb\"},\"inLanguage\":\"ro-RO\",\"potentialAction\":[{\"@type\":\"ReadAction\",\"target\":[\"https:\\\/\\\/ifi.co.hu\\\/ro\\\/politica-de-confidentialitate\\\/\"]}]},{\"@type\":\"BreadcrumbList\",\"@id\":\"https:\\\/\\\/ifi.co.hu\\\/ro\\\/politica-de-confidentialitate\\\/#breadcrumb\",\"itemListElement\":[{\"@type\":\"ListItem\",\"position\":1,\"name\":\"Home\",\"item\":\"https:\\\/\\\/ifi.co.hu\\\/ro\\\/\"},{\"@type\":\"ListItem\",\"position\":2,\"name\":\"Politica de confiden\u021bialitate\"}]},{\"@type\":\"WebSite\",\"@id\":\"https:\\\/\\\/ifi.co.hu\\\/hu\\\/#website\",\"url\":\"https:\\\/\\\/ifi.co.hu\\\/hu\\\/\",\"name\":\"Inno Feed International\",\"description\":\"Quality &amp; Innovation\",\"publisher\":{\"@id\":\"https:\\\/\\\/ifi.co.hu\\\/hu\\\/#organization\"},\"potentialAction\":[{\"@type\":\"SearchAction\",\"target\":{\"@type\":\"EntryPoint\",\"urlTemplate\":\"https:\\\/\\\/ifi.co.hu\\\/hu\\\/?s={search_term_string}\"},\"query-input\":{\"@type\":\"PropertyValueSpecification\",\"valueRequired\":true,\"valueName\":\"search_term_string\"}}],\"inLanguage\":\"ro-RO\"},{\"@type\":\"Organization\",\"@id\":\"https:\\\/\\\/ifi.co.hu\\\/hu\\\/#organization\",\"name\":\"Inno-Feed International Kft\",\"url\":\"https:\\\/\\\/ifi.co.hu\\\/hu\\\/\",\"logo\":{\"@type\":\"ImageObject\",\"inLanguage\":\"ro-RO\",\"@id\":\"https:\\\/\\\/ifi.co.hu\\\/hu\\\/#\\\/schema\\\/logo\\\/image\\\/\",\"url\":\"https:\\\/\\\/ifi.co.hu\\\/wp-content\\\/uploads\\\/2021\\\/08\\\/ifi-white-logo-transparent.png\",\"contentUrl\":\"https:\\\/\\\/ifi.co.hu\\\/wp-content\\\/uploads\\\/2021\\\/08\\\/ifi-white-logo-transparent.png\",\"width\":338,\"height\":524,\"caption\":\"Inno-Feed International Kft\"},\"image\":{\"@id\":\"https:\\\/\\\/ifi.co.hu\\\/hu\\\/#\\\/schema\\\/logo\\\/image\\\/\"}}]}<\/script>\n<!-- \/ Yoast SEO plugin. -->","yoast_head_json":{"title":"Politica de confiden\u021bialitate - Inno Feed International","robots":{"index":"index","follow":"follow","max-snippet":"max-snippet:-1","max-image-preview":"max-image-preview:large","max-video-preview":"max-video-preview:-1"},"canonical":"https:\/\/ifi.co.hu\/ro\/politica-de-confidentialitate\/","og_locale":"ro_RO","og_type":"article","og_title":"Politica de confiden\u021bialitate - Inno Feed International","og_description":"Politica de confiden\u021bialitate In which we inform you (our website Visitor or our Customer) about our personal data protection policy. By providing personal data or using our service Person agrees that has read and understood this Privacy Policy. INTRODUCTION Data management principles: Our Company follows the following principles in our data management: Personal data will [&hellip;]","og_url":"https:\/\/ifi.co.hu\/ro\/politica-de-confidentialitate\/","og_site_name":"Inno Feed International","article_modified_time":"2021-09-22T11:30:27+00:00","twitter_card":"summary_large_image","twitter_misc":{"Timp estimat pentru citire":"4 minute"},"schema":{"@context":"https:\/\/schema.org","@graph":[{"@type":"WebPage","@id":"https:\/\/ifi.co.hu\/ro\/politica-de-confidentialitate\/","url":"https:\/\/ifi.co.hu\/ro\/politica-de-confidentialitate\/","name":"Politica de confiden\u021bialitate - Inno Feed International","isPartOf":{"@id":"https:\/\/ifi.co.hu\/hu\/#website"},"datePublished":"2021-08-17T11:15:08+00:00","dateModified":"2021-09-22T11:30:27+00:00","breadcrumb":{"@id":"https:\/\/ifi.co.hu\/ro\/politica-de-confidentialitate\/#breadcrumb"},"inLanguage":"ro-RO","potentialAction":[{"@type":"ReadAction","target":["https:\/\/ifi.co.hu\/ro\/politica-de-confidentialitate\/"]}]},{"@type":"BreadcrumbList","@id":"https:\/\/ifi.co.hu\/ro\/politica-de-confidentialitate\/#breadcrumb","itemListElement":[{"@type":"ListItem","position":1,"name":"Home","item":"https:\/\/ifi.co.hu\/ro\/"},{"@type":"ListItem","position":2,"name":"Politica de confiden\u021bialitate"}]},{"@type":"WebSite","@id":"https:\/\/ifi.co.hu\/hu\/#website","url":"https:\/\/ifi.co.hu\/hu\/","name":"Inno Feed International","description":"Quality &amp; Innovation","publisher":{"@id":"https:\/\/ifi.co.hu\/hu\/#organization"},"potentialAction":[{"@type":"SearchAction","target":{"@type":"EntryPoint","urlTemplate":"https:\/\/ifi.co.hu\/hu\/?s={search_term_string}"},"query-input":{"@type":"PropertyValueSpecification","valueRequired":true,"valueName":"search_term_string"}}],"inLanguage":"ro-RO"},{"@type":"Organization","@id":"https:\/\/ifi.co.hu\/hu\/#organization","name":"Inno-Feed International Kft","url":"https:\/\/ifi.co.hu\/hu\/","logo":{"@type":"ImageObject","inLanguage":"ro-RO","@id":"https:\/\/ifi.co.hu\/hu\/#\/schema\/logo\/image\/","url":"https:\/\/ifi.co.hu\/wp-content\/uploads\/2021\/08\/ifi-white-logo-transparent.png","contentUrl":"https:\/\/ifi.co.hu\/wp-content\/uploads\/2021\/08\/ifi-white-logo-transparent.png","width":338,"height":524,"caption":"Inno-Feed International Kft"},"image":{"@id":"https:\/\/ifi.co.hu\/hu\/#\/schema\/logo\/image\/"}}]}},"_links":{"self":[{"href":"https:\/\/ifi.co.hu\/ro\/wp-json\/wp\/v2\/pages\/1011","targetHints":{"allow":["GET"]}}],"collection":[{"href":"https:\/\/ifi.co.hu\/ro\/wp-json\/wp\/v2\/pages"}],"about":[{"href":"https:\/\/ifi.co.hu\/ro\/wp-json\/wp\/v2\/types\/page"}],"author":[{"embeddable":true,"href":"https:\/\/ifi.co.hu\/ro\/wp-json\/wp\/v2\/users\/1"}],"replies":[{"embeddable":true,"href":"https:\/\/ifi.co.hu\/ro\/wp-json\/wp\/v2\/comments?post=1011"}],"version-history":[{"count":2,"href":"https:\/\/ifi.co.hu\/ro\/wp-json\/wp\/v2\/pages\/1011\/revisions"}],"predecessor-version":[{"id":1174,"href":"https:\/\/ifi.co.hu\/ro\/wp-json\/wp\/v2\/pages\/1011\/revisions\/1174"}],"wp:attachment":[{"href":"https:\/\/ifi.co.hu\/ro\/wp-json\/wp\/v2\/media?parent=1011"}],"curies":[{"name":"wp","href":"https:\/\/api.w.org\/{rel}","templated":true}]}}